{"id":30,"date":"2020-04-13T11:18:54","date_gmt":"2020-04-13T09:18:54","guid":{"rendered":"http:\/\/www.institut-ancrage.fr\/index.php\/home\/"},"modified":"2023-03-09T13:39:56","modified_gmt":"2023-03-09T12:39:56","slug":"accueil-qualiop","status":"publish","type":"page","link":"https:\/\/www.institut-ancrage.fr\/","title":{"rendered":"Accueil"},"content":{"rendered":"\t\t<div data-elementor-type=\"wp-page\" data-elementor-id=\"30\" class=\"elementor elementor-30\">\n\t\t\t\t\t\t<div class=\"elementor-inner\">\n\t\t\t\t<div class=\"elementor-section-wrap\">\n\t\t\t\t\t\t\t\t\t<section class=\"elementor-section elementor-top-section elementor-element elementor-element-5939a86c elementor-section-height-min-height elementor-section-boxed elementor-section-height-default elementor-section-items-middle\" data-id=\"5939a86c\" data-element_type=\"section\" data-settings=\"{&quot;background_background&quot;:&quot;classic&quot;}\">\n\t\t\t\t\t\t\t<div class=\"elementor-background-overlay\"><\/div>\n\t\t\t\t\t\t\t<div class=\"elementor-container elementor-column-gap-no\">\n\t\t\t\t\t\t\t<div class=\"elementor-row\">\n\t\t\t\t\t<div class=\"elementor-column elementor-col-100 elementor-top-column elementor-element elementor-element-6f6a47a9\" data-id=\"6f6a47a9\" data-element_type=\"column\" data-settings=\"{&quot;background_background&quot;:&quot;slideshow&quot;,&quot;background_slideshow_gallery&quot;:[],&quot;background_slideshow_loop&quot;:&quot;yes&quot;,&quot;background_slideshow_slide_duration&quot;:5000,&quot;background_slideshow_slide_transition&quot;:&quot;fade&quot;,&quot;background_slideshow_transition_duration&quot;:500}\">\n\t\t\t<div class=\"elementor-column-wrap elementor-element-populated\">\n\t\t\t\t\t\t\t<div class=\"elementor-widget-wrap\">\n\t\t\t\t\t\t<div class=\"elementor-element elementor-element-ffa1734 elementor-widget elementor-widget-heading\" data-id=\"ffa1734\" data-element_type=\"widget\" data-widget_type=\"heading.default\">\n\t\t\t\t<div class=\"elementor-widget-container\">\n\t\t\t<h1 class=\"elementor-heading-title elementor-size-default\">Choisir la voie de l'excellence<\/h1>\t\t<\/div>\n\t\t\t\t<\/div>\n\t\t\t\t<div class=\"elementor-element elementor-element-1c0d792 elementor-widget elementor-widget-text-editor\" data-id=\"1c0d792\" data-element_type=\"widget\" data-widget_type=\"text-editor.default\">\n\t\t\t\t<div class=\"elementor-widget-container\">\n\t\t\t\t\t\t\t\t<div class=\"elementor-text-editor elementor-clearfix\">\n\t\t\t\t\t\t\t\t\t<\/div>\n\t\t\t\t\t\t<\/div>\n\t\t\t\t<\/div>\n\t\t\t\t\t\t<\/div>\n\t\t\t\t\t<\/div>\n\t\t<\/div>\n\t\t\t\t\t\t\t\t<\/div>\n\t\t\t\t\t<\/div>\n\t\t<\/section>\n\t\t\t\t<section class=\"elementor-section elementor-top-section elementor-element elementor-element-7e21b87 elementor-section-boxed elementor-section-height-default elementor-section-height-default\" data-id=\"7e21b87\" data-element_type=\"section\" data-settings=\"{&quot;background_background&quot;:&quot;gradient&quot;}\">\n\t\t\t\t\t\t<div class=\"elementor-container elementor-column-gap-no\">\n\t\t\t\t\t\t\t<div class=\"elementor-row\">\n\t\t\t\t\t<div class=\"elementor-column elementor-col-50 elementor-top-column elementor-element elementor-element-ecf0f71\" data-id=\"ecf0f71\" data-element_type=\"column\" data-settings=\"{&quot;background_background&quot;:&quot;classic&quot;}\">\n\t\t\t<div class=\"elementor-column-wrap elementor-element-populated\">\n\t\t\t\t\t<div class=\"elementor-background-overlay\"><\/div>\n\t\t\t\t\t\t\t<div class=\"elementor-widget-wrap\">\n\t\t\t\t\t\t<div class=\"elementor-element elementor-element-40c051ee elementor-widget elementor-widget-heading\" data-id=\"40c051ee\" data-element_type=\"widget\" data-widget_type=\"heading.default\">\n\t\t\t\t<div class=\"elementor-widget-container\">\n\t\t\t<h2 class=\"elementor-heading-title elementor-size-large\"><a href=\"http:\/\/www.institut-ancrage.fr\/index.php\/developpement-personnel\/\">Coaching<\/a><\/h2>\t\t<\/div>\n\t\t\t\t<\/div>\n\t\t\t\t\t\t<\/div>\n\t\t\t\t\t<\/div>\n\t\t<\/div>\n\t\t\t\t<div class=\"elementor-column elementor-col-50 elementor-top-column elementor-element elementor-element-aaf2547\" data-id=\"aaf2547\" data-element_type=\"column\" data-settings=\"{&quot;background_background&quot;:&quot;classic&quot;}\">\n\t\t\t<div class=\"elementor-column-wrap elementor-element-populated\">\n\t\t\t\t\t<div class=\"elementor-background-overlay\"><\/div>\n\t\t\t\t\t\t\t<div class=\"elementor-widget-wrap\">\n\t\t\t\t\t\t<div class=\"elementor-element elementor-element-c2e7812 elementor-widget elementor-widget-heading\" data-id=\"c2e7812\" data-element_type=\"widget\" data-widget_type=\"heading.default\">\n\t\t\t\t<div class=\"elementor-widget-container\">\n\t\t\t<h2 class=\"elementor-heading-title elementor-size-large\"><a href=\"http:\/\/www.institut-ancrage.fr\/index.php\/formations\/\">Formations<\/a><\/h2>\t\t<\/div>\n\t\t\t\t<\/div>\n\t\t\t\t\t\t<\/div>\n\t\t\t\t\t<\/div>\n\t\t<\/div>\n\t\t\t\t\t\t\t\t<\/div>\n\t\t\t\t\t<\/div>\n\t\t<\/section>\n\t\t\t\t<section class=\"elementor-section elementor-top-section elementor-element elementor-element-a8129ee elementor-section-boxed elementor-section-height-default elementor-section-height-default\" data-id=\"a8129ee\" data-element_type=\"section\">\n\t\t\t\t\t\t<div class=\"elementor-container elementor-column-gap-default\">\n\t\t\t\t\t\t\t<div class=\"elementor-row\">\n\t\t\t\t\t<div class=\"elementor-column elementor-col-100 elementor-top-column elementor-element elementor-element-f0878a9\" data-id=\"f0878a9\" data-element_type=\"column\">\n\t\t\t<div class=\"elementor-column-wrap\">\n\t\t\t\t\t\t\t<div class=\"elementor-widget-wrap\">\n\t\t\t\t\t\t\t\t<\/div>\n\t\t\t\t\t<\/div>\n\t\t<\/div>\n\t\t\t\t\t\t\t\t<\/div>\n\t\t\t\t\t<\/div>\n\t\t<\/section>\n\t\t\t\t<section class=\"elementor-section elementor-top-section elementor-element elementor-element-34277c67 elementor-section-boxed elementor-section-height-default elementor-section-height-default\" data-id=\"34277c67\" data-element_type=\"section\">\n\t\t\t\t\t\t<div class=\"elementor-container elementor-column-gap-no\">\n\t\t\t\t\t\t\t<div class=\"elementor-row\">\n\t\t\t\t\t<div class=\"elementor-column elementor-col-33 elementor-top-column elementor-element elementor-element-217497e3\" data-id=\"217497e3\" data-element_type=\"column\">\n\t\t\t<div class=\"elementor-column-wrap elementor-element-populated\">\n\t\t\t\t\t\t\t<div class=\"elementor-widget-wrap\">\n\t\t\t\t\t\t<div class=\"elementor-element elementor-element-be471ff elementor-widget elementor-widget-text-editor\" data-id=\"be471ff\" data-element_type=\"widget\" data-widget_type=\"text-editor.default\">\n\t\t\t\t<div class=\"elementor-widget-container\">\n\t\t\t\t\t\t\t\t<div class=\"elementor-text-editor elementor-clearfix\">\n\t\t\t\t\t\t\t\t\t<\/div>\n\t\t\t\t\t\t<\/div>\n\t\t\t\t<\/div>\n\t\t\t\t\t\t<\/div>\n\t\t\t\t\t<\/div>\n\t\t<\/div>\n\t\t\t\t<div class=\"elementor-column elementor-col-66 elementor-top-column elementor-element elementor-element-2d17052\" data-id=\"2d17052\" data-element_type=\"column\">\n\t\t\t<div class=\"elementor-column-wrap elementor-element-populated\">\n\t\t\t\t\t\t\t<div class=\"elementor-widget-wrap\">\n\t\t\t\t\t\t<div class=\"elementor-element elementor-element-77680b8d elementor-widget elementor-widget-text-editor\" data-id=\"77680b8d\" data-element_type=\"widget\" data-widget_type=\"text-editor.default\">\n\t\t\t\t<div class=\"elementor-widget-container\">\n\t\t\t\t\t\t\t\t<div class=\"elementor-text-editor elementor-clearfix\">\n\t\t\t\t\t\t\t\t\t<\/div>\n\t\t\t\t\t\t<\/div>\n\t\t\t\t<\/div>\n\t\t\t\t<div class=\"elementor-element elementor-element-476f144 elementor-widget elementor-widget-heading\" data-id=\"476f144\" data-element_type=\"widget\" data-widget_type=\"heading.default\">\n\t\t\t\t<div class=\"elementor-widget-container\">\n\t\t\t<h3 class=\"elementor-heading-title elementor-size-large\"><br>\"La volont\u00e9 de gagner, l'envie de r\u00e9ussir, l'envie d'atteindre votre plein potentiel... Ce sont les cl\u00e9s qui vous ouvriront la porte de l'excellence personnelle.\"<br>\n\n<\/h3>\t\t<\/div>\n\t\t\t\t<\/div>\n\t\t\t\t<div class=\"elementor-element elementor-element-b87bade elementor-widget elementor-widget-text-editor\" data-id=\"b87bade\" data-element_type=\"widget\" data-widget_type=\"text-editor.default\">\n\t\t\t\t<div class=\"elementor-widget-container\">\n\t\t\t\t\t\t\t\t<div class=\"elementor-text-editor elementor-clearfix\">\n\t\t\t\t<h3 class=\"elementor-heading-title elementor-size-large elementor-inline-editing pen\" style=\"font-size: 29px; margin-bottom: 0px; font-family: Roboto, sans-serif; text-shadow: rgba(0, 0, 0, 0.3) 0px 0px 100px; text-align: center;\" data-elementor-setting-key=\"title\" data-pen-placeholder=\"\u00c9crivez ici...\">\u00a0 \u00a0 \u00a0 \u00a0 \u00a0 \u00a0 \u00a0 \u00a0 \u00a0 \u00a0 \u00a0 \u00a0 \u00a0 \u00a0 \u00a0 \u00a0 \u00a0 \u00a0 \u00a0 \u00a0 <em>Confucius<\/em><\/h3>\t\t\t\t\t<\/div>\n\t\t\t\t\t\t<\/div>\n\t\t\t\t<\/div>\n\t\t\t\t\t\t<\/div>\n\t\t\t\t\t<\/div>\n\t\t<\/div>\n\t\t\t\t\t\t\t\t<\/div>\n\t\t\t\t\t<\/div>\n\t\t<\/section>\n\t\t\t\t<section class=\"elementor-section elementor-top-section elementor-element elementor-element-4076731b elementor-section-stretched elementor-section-boxed elementor-section-height-default elementor-section-height-default\" data-id=\"4076731b\" data-element_type=\"section\" data-settings=\"{&quot;background_background&quot;:&quot;classic&quot;,&quot;stretch_section&quot;:&quot;section-stretched&quot;}\">\n\t\t\t\t\t\t\t<div class=\"elementor-background-overlay\"><\/div>\n\t\t\t\t\t\t\t<div class=\"elementor-container elementor-column-gap-no\">\n\t\t\t\t\t\t\t<div class=\"elementor-row\">\n\t\t\t\t\t<div class=\"elementor-column elementor-col-100 elementor-top-column elementor-element elementor-element-7940ca75\" data-id=\"7940ca75\" data-element_type=\"column\">\n\t\t\t<div class=\"elementor-column-wrap elementor-element-populated\">\n\t\t\t\t\t\t\t<div class=\"elementor-widget-wrap\">\n\t\t\t\t\t\t<div class=\"elementor-element elementor-element-1bbe505 elementor-widget elementor-widget-image\" data-id=\"1bbe505\" data-element_type=\"widget\" data-widget_type=\"image.default\">\n\t\t\t\t<div class=\"elementor-widget-container\">\n\t\t\t\t\t\t\t\t<div class=\"elementor-image\">\n\t\t\t\t\t\t\t\t\t\t\t\t\t<a href=\"https:\/\/qualiopi.certif-icpf.org\/comprendre-qualiopi\">\n\t\t\t\t\t\t\t<img src=\"https:\/\/www.institut-ancrage.fr\/wp-content\/uploads\/2023\/03\/qualiopi-2.jpg\" title=\"qualiopi\" alt=\"qualiopi\" loading=\"lazy\" \/>\t\t\t\t\t\t\t\t<\/a>\n\t\t\t\t\t\t\t\t\t\t\t\t\t\t<\/div>\n\t\t\t\t\t\t<\/div>\n\t\t\t\t<\/div>\n\t\t\t\t<div class=\"elementor-element elementor-element-8eb0793 elementor-widget elementor-widget-heading\" data-id=\"8eb0793\" data-element_type=\"widget\" data-widget_type=\"heading.default\">\n\t\t\t\t<div class=\"elementor-widget-container\">\n\t\t\t<h2 class=\"elementor-heading-title elementor-size-default\"><br><br>Passez \u00e0 l'action<br><\/h2>\t\t<\/div>\n\t\t\t\t<\/div>\n\t\t\t\t<div class=\"elementor-element elementor-element-c7eec9d elementor-widget elementor-widget-text-editor\" data-id=\"c7eec9d\" data-element_type=\"widget\" data-widget_type=\"text-editor.default\">\n\t\t\t\t<div class=\"elementor-widget-container\">\n\t\t\t\t\t\t\t\t<div class=\"elementor-text-editor elementor-clearfix\">\n\t\t\t\t<p><span style=\"color: #333333;\">Particuliers, entreprises, collectivit\u00e9s et autres organismes publics ou priv\u00e9s : Nos prestations d&rsquo;accompagnement, de coaching, de conseils et de formations s&rsquo;adaptent \u00e0 vos besoins.<\/span><\/p>\t\t\t\t\t<\/div>\n\t\t\t\t\t\t<\/div>\n\t\t\t\t<\/div>\n\t\t\t\t\t\t<\/div>\n\t\t\t\t\t<\/div>\n\t\t<\/div>\n\t\t\t\t\t\t\t\t<\/div>\n\t\t\t\t\t<\/div>\n\t\t<\/section>\n\t\t\t\t<section class=\"elementor-section elementor-top-section elementor-element elementor-element-b320d3a elementor-section-full_width elementor-section-height-default elementor-section-height-default\" data-id=\"b320d3a\" data-element_type=\"section\">\n\t\t\t\t\t\t<div class=\"elementor-container elementor-column-gap-default\">\n\t\t\t\t\t\t\t<div class=\"elementor-row\">\n\t\t\t\t\t<div class=\"elementor-column elementor-col-100 elementor-top-column elementor-element elementor-element-7b1be55\" data-id=\"7b1be55\" data-element_type=\"column\">\n\t\t\t<div class=\"elementor-column-wrap\">\n\t\t\t\t\t\t\t<div class=\"elementor-widget-wrap\">\n\t\t\t\t\t\t\t\t<\/div>\n\t\t\t\t\t<\/div>\n\t\t<\/div>\n\t\t\t\t\t\t\t\t<\/div>\n\t\t\t\t\t<\/div>\n\t\t<\/section>\n\t\t\t\t<section class=\"elementor-section elementor-top-section elementor-element elementor-element-3311263 elementor-section-boxed elementor-section-height-default elementor-section-height-default\" data-id=\"3311263\" data-element_type=\"section\">\n\t\t\t\t\t\t<div class=\"elementor-container elementor-column-gap-default\">\n\t\t\t\t\t\t\t<div class=\"elementor-row\">\n\t\t\t\t\t<div class=\"elementor-column elementor-col-100 elementor-top-column elementor-element elementor-element-3777e86\" data-id=\"3777e86\" data-element_type=\"column\">\n\t\t\t<div class=\"elementor-column-wrap\">\n\t\t\t\t\t\t\t<div class=\"elementor-widget-wrap\">\n\t\t\t\t\t\t\t\t<\/div>\n\t\t\t\t\t<\/div>\n\t\t<\/div>\n\t\t\t\t\t\t\t\t<\/div>\n\t\t\t\t\t<\/div>\n\t\t<\/section>\n\t\t\t\t\t\t\t\t\t<\/div>\n\t\t\t<\/div>\n\t\t\t\t\t<\/div>\n\t\t","protected":false},"excerpt":{"rendered":"<p>Choisir la voie de l&rsquo;excellence Coaching Formations \u00ab\u00a0La volont\u00e9 de gagner, l&rsquo;envie de r\u00e9ussir, l&rsquo;envie d&rsquo;atteindre votre plein potentiel&#8230; Ce sont les cl\u00e9s qui vous ouvriront la porte de l&rsquo;excellence personnelle.\u00a0\u00bb \u00a0 \u00a0 \u00a0 \u00a0 \u00a0 \u00a0 \u00a0 \u00a0 \u00a0 \u00a0 \u00a0 \u00a0 \u00a0 \u00a0 \u00a0 \u00a0 \u00a0 \u00a0 \u00a0 \u00a0 Confucius Passez \u00e0 l&rsquo;action &hellip;<\/p>\n<p class=\"read-more\"> <a class=\"\" href=\"https:\/\/www.institut-ancrage.fr\/\"> <span class=\"screen-reader-text\">Accueil<\/span> Lire la suite\u00a0\u00bb<\/a><\/p>\n","protected":false},"author":1,"featured_media":0,"parent":0,"menu_order":0,"comment_status":"closed","ping_status":"closed","template":"","meta":{"site-sidebar-layout":"no-sidebar","site-content-layout":"page-builder","ast-global-header-display":"","ast-main-header-display":"","ast-hfb-above-header-display":"","ast-hfb-below-header-display":"","ast-hfb-mobile-header-display":"","site-post-title":"disabled","ast-breadcrumbs-content":"","ast-featured-img":"","footer-sml-layout":"","theme-transparent-header-meta":"enabled","adv-header-id-meta":"","stick-header-meta":"","header-above-stick-meta":"","header-main-stick-meta":"","header-below-stick-meta":""},"yoast_head":"<!-- This site is optimized with the Yoast SEO plugin v17.4 - https:\/\/yoast.com\/wordpress\/plugins\/seo\/ -->\n<title>Institut Ancrage Qualiopi Formation Coaching Conseil Accompagnement<\/title>\n<meta name=\"description\" content=\"Ancrage, organisme de formation, certifi\u00e9e par Qualiopi. Particuliers, entreprises, collectivit\u00e9s et autres organismes publics ou priv\u00e9s. Nos prestations d\u2019accompagnement, de coaching, de conseil et de formation s\u2019adaptent \u00e0 vos besoins.\" \/>\n<meta name=\"robots\" content=\"index, follow, max-snippet:-1, max-image-preview:large, max-video-preview:-1\" \/>\n<link rel=\"canonical\" href=\"http:\/\/www.institut-ancrage.fr\/\" \/>\n<meta property=\"og:locale\" content=\"fr_FR\" \/>\n<meta property=\"og:type\" content=\"article\" \/>\n<meta property=\"og:title\" content=\"Institut Ancrage Qualiopi Formation Coaching Conseil Accompagnement\" \/>\n<meta property=\"og:description\" content=\"Ancrage, organisme de formation, certifi\u00e9e par Qualiopi. Particuliers, entreprises, collectivit\u00e9s et autres organismes publics ou priv\u00e9s. Nos prestations d\u2019accompagnement, de coaching, de conseil et de formation s\u2019adaptent \u00e0 vos besoins.\" \/>\n<meta property=\"og:url\" content=\"http:\/\/www.institut-ancrage.fr\/\" \/>\n<meta property=\"og:site_name\" content=\"Institut Ancrage\" \/>\n<meta property=\"article:modified_time\" content=\"2023-03-09T12:39:56+00:00\" \/>\n<meta property=\"og:image\" content=\"http:\/\/www.institut-ancrage.fr\/wp-content\/uploads\/2023\/03\/qualiopi-2.jpg\" \/>\n<meta name=\"twitter:card\" content=\"summary_large_image\" \/>\n<meta name=\"twitter:label1\" content=\"Dur\u00e9e de lecture est.\" \/>\n\t<meta name=\"twitter:data1\" content=\"1 minute\" \/>\n<script type=\"application\/ld+json\" class=\"yoast-schema-graph\">{\"@context\":\"https:\/\/schema.org\",\"@graph\":[{\"@type\":\"Organization\",\"@id\":\"https:\/\/www.institut-ancrage.fr\/#organization\",\"name\":\"Insitut Ancrage\",\"url\":\"https:\/\/www.institut-ancrage.fr\/\",\"sameAs\":[],\"logo\":{\"@type\":\"ImageObject\",\"@id\":\"https:\/\/www.institut-ancrage.fr\/#logo\",\"inLanguage\":\"fr-FR\",\"url\":\"https:\/\/www.institut-ancrage.fr\/wp-content\/uploads\/2020\/11\/cropped-400JpgdpiLogo-scaled-1.jpg\",\"contentUrl\":\"https:\/\/www.institut-ancrage.fr\/wp-content\/uploads\/2020\/11\/cropped-400JpgdpiLogo-scaled-1.jpg\",\"width\":2560,\"height\":1546,\"caption\":\"Insitut Ancrage\"},\"image\":{\"@id\":\"https:\/\/www.institut-ancrage.fr\/#logo\"}},{\"@type\":\"WebSite\",\"@id\":\"https:\/\/www.institut-ancrage.fr\/#website\",\"url\":\"https:\/\/www.institut-ancrage.fr\/\",\"name\":\"Institut Ancrage\",\"description\":\"Conseil et formation\",\"publisher\":{\"@id\":\"https:\/\/www.institut-ancrage.fr\/#organization\"},\"potentialAction\":[{\"@type\":\"SearchAction\",\"target\":{\"@type\":\"EntryPoint\",\"urlTemplate\":\"https:\/\/www.institut-ancrage.fr\/?s={search_term_string}\"},\"query-input\":\"required name=search_term_string\"}],\"inLanguage\":\"fr-FR\"},{\"@type\":\"ImageObject\",\"@id\":\"http:\/\/www.institut-ancrage.fr\/#primaryimage\",\"inLanguage\":\"fr-FR\",\"url\":\"http:\/\/www.institut-ancrage.fr\/wp-content\/uploads\/2023\/03\/qualiopi-2.jpg\",\"contentUrl\":\"http:\/\/www.institut-ancrage.fr\/wp-content\/uploads\/2023\/03\/qualiopi-2.jpg\"},{\"@type\":\"WebPage\",\"@id\":\"http:\/\/www.institut-ancrage.fr\/#webpage\",\"url\":\"http:\/\/www.institut-ancrage.fr\/\",\"name\":\"Institut Ancrage Qualiopi Formation Coaching Conseil Accompagnement\",\"isPartOf\":{\"@id\":\"https:\/\/www.institut-ancrage.fr\/#website\"},\"primaryImageOfPage\":{\"@id\":\"http:\/\/www.institut-ancrage.fr\/#primaryimage\"},\"datePublished\":\"2020-04-13T09:18:54+00:00\",\"dateModified\":\"2023-03-09T12:39:56+00:00\",\"description\":\"Ancrage, organisme de formation, certifi\\u00e9e par Qualiopi. Particuliers, entreprises, collectivit\\u00e9s et autres organismes publics ou priv\\u00e9s. Nos prestations d\\u2019accompagnement, de coaching, de conseil et de formation s\\u2019adaptent \\u00e0 vos besoins.\",\"breadcrumb\":{\"@id\":\"http:\/\/www.institut-ancrage.fr\/#breadcrumb\"},\"inLanguage\":\"fr-FR\",\"potentialAction\":[{\"@type\":\"ReadAction\",\"target\":[\"http:\/\/www.institut-ancrage.fr\/\"]}]},{\"@type\":\"BreadcrumbList\",\"@id\":\"http:\/\/www.institut-ancrage.fr\/#breadcrumb\",\"itemListElement\":[{\"@type\":\"ListItem\",\"position\":1,\"name\":\"Accueil\",\"item\":\"http:\/\/www.institut-ancrage.fr\/\"},{\"@type\":\"ListItem\",\"position\":2,\"name\":\"Accueil\"}]}]}<\/script>\n<!-- \/ Yoast SEO plugin. -->","yoast_head_json":{"title":"Institut Ancrage Qualiopi Formation Coaching Conseil Accompagnement","description":"Ancrage, organisme de formation, certifi\u00e9e par Qualiopi. Particuliers, entreprises, collectivit\u00e9s et autres organismes publics ou priv\u00e9s. Nos prestations d\u2019accompagnement, de coaching, de conseil et de formation s\u2019adaptent \u00e0 vos besoins.","robots":{"index":"index","follow":"follow","max-snippet":"max-snippet:-1","max-image-preview":"max-image-preview:large","max-video-preview":"max-video-preview:-1"},"canonical":"http:\/\/www.institut-ancrage.fr\/","og_locale":"fr_FR","og_type":"article","og_title":"Institut Ancrage Qualiopi Formation Coaching Conseil Accompagnement","og_description":"Ancrage, organisme de formation, certifi\u00e9e par Qualiopi. Particuliers, entreprises, collectivit\u00e9s et autres organismes publics ou priv\u00e9s. Nos prestations d\u2019accompagnement, de coaching, de conseil et de formation s\u2019adaptent \u00e0 vos besoins.","og_url":"http:\/\/www.institut-ancrage.fr\/","og_site_name":"Institut Ancrage","article_modified_time":"2023-03-09T12:39:56+00:00","og_image":[{"url":"http:\/\/www.institut-ancrage.fr\/wp-content\/uploads\/2023\/03\/qualiopi-2.jpg"}],"twitter_card":"summary_large_image","twitter_misc":{"Dur\u00e9e de lecture est.":"1 minute"},"schema":{"@context":"https:\/\/schema.org","@graph":[{"@type":"Organization","@id":"https:\/\/www.institut-ancrage.fr\/#organization","name":"Insitut Ancrage","url":"https:\/\/www.institut-ancrage.fr\/","sameAs":[],"logo":{"@type":"ImageObject","@id":"https:\/\/www.institut-ancrage.fr\/#logo","inLanguage":"fr-FR","url":"https:\/\/www.institut-ancrage.fr\/wp-content\/uploads\/2020\/11\/cropped-400JpgdpiLogo-scaled-1.jpg","contentUrl":"https:\/\/www.institut-ancrage.fr\/wp-content\/uploads\/2020\/11\/cropped-400JpgdpiLogo-scaled-1.jpg","width":2560,"height":1546,"caption":"Insitut Ancrage"},"image":{"@id":"https:\/\/www.institut-ancrage.fr\/#logo"}},{"@type":"WebSite","@id":"https:\/\/www.institut-ancrage.fr\/#website","url":"https:\/\/www.institut-ancrage.fr\/","name":"Institut Ancrage","description":"Conseil et formation","publisher":{"@id":"https:\/\/www.institut-ancrage.fr\/#organization"},"potentialAction":[{"@type":"SearchAction","target":{"@type":"EntryPoint","urlTemplate":"https:\/\/www.institut-ancrage.fr\/?s={search_term_string}"},"query-input":"required name=search_term_string"}],"inLanguage":"fr-FR"},{"@type":"ImageObject","@id":"http:\/\/www.institut-ancrage.fr\/#primaryimage","inLanguage":"fr-FR","url":"http:\/\/www.institut-ancrage.fr\/wp-content\/uploads\/2023\/03\/qualiopi-2.jpg","contentUrl":"http:\/\/www.institut-ancrage.fr\/wp-content\/uploads\/2023\/03\/qualiopi-2.jpg"},{"@type":"WebPage","@id":"http:\/\/www.institut-ancrage.fr\/#webpage","url":"http:\/\/www.institut-ancrage.fr\/","name":"Institut Ancrage Qualiopi Formation Coaching Conseil Accompagnement","isPartOf":{"@id":"https:\/\/www.institut-ancrage.fr\/#website"},"primaryImageOfPage":{"@id":"http:\/\/www.institut-ancrage.fr\/#primaryimage"},"datePublished":"2020-04-13T09:18:54+00:00","dateModified":"2023-03-09T12:39:56+00:00","description":"Ancrage, organisme de formation, certifi\u00e9e par Qualiopi. Particuliers, entreprises, collectivit\u00e9s et autres organismes publics ou priv\u00e9s. Nos prestations d\u2019accompagnement, de coaching, de conseil et de formation s\u2019adaptent \u00e0 vos besoins.","breadcrumb":{"@id":"http:\/\/www.institut-ancrage.fr\/#breadcrumb"},"inLanguage":"fr-FR","potentialAction":[{"@type":"ReadAction","target":["http:\/\/www.institut-ancrage.fr\/"]}]},{"@type":"BreadcrumbList","@id":"http:\/\/www.institut-ancrage.fr\/#breadcrumb","itemListElement":[{"@type":"ListItem","position":1,"name":"Accueil","item":"http:\/\/www.institut-ancrage.fr\/"},{"@type":"ListItem","position":2,"name":"Accueil"}]}]}},"_links":{"self":[{"href":"https:\/\/www.institut-ancrage.fr\/index.php\/wp-json\/wp\/v2\/pages\/30"}],"collection":[{"href":"https:\/\/www.institut-ancrage.fr\/index.php\/wp-json\/wp\/v2\/pages"}],"about":[{"href":"https:\/\/www.institut-ancrage.fr\/index.php\/wp-json\/wp\/v2\/types\/page"}],"author":[{"embeddable":true,"href":"https:\/\/www.institut-ancrage.fr\/index.php\/wp-json\/wp\/v2\/users\/1"}],"replies":[{"embeddable":true,"href":"https:\/\/www.institut-ancrage.fr\/index.php\/wp-json\/wp\/v2\/comments?post=30"}],"version-history":[{"count":223,"href":"https:\/\/www.institut-ancrage.fr\/index.php\/wp-json\/wp\/v2\/pages\/30\/revisions"}],"predecessor-version":[{"id":1208,"href":"https:\/\/www.institut-ancrage.fr\/index.php\/wp-json\/wp\/v2\/pages\/30\/revisions\/1208"}],"wp:attachment":[{"href":"https:\/\/www.institut-ancrage.fr\/index.php\/wp-json\/wp\/v2\/media?parent=30"}],"curies":[{"name":"wp","href":"https:\/\/api.w.org\/{rel}","templated":true}]}}