{"id":398,"date":"2020-12-29T10:51:04","date_gmt":"2020-12-29T09:51:04","guid":{"rendered":"http:\/\/www.institut-ancrage.fr\/?page_id=398"},"modified":"2021-10-20T13:24:46","modified_gmt":"2021-10-20T11:24:46","slug":"developpement-personnel","status":"publish","type":"page","link":"https:\/\/www.institut-ancrage.fr\/index.php\/developpement-personnel\/","title":{"rendered":"Coaching"},"content":{"rendered":"\t\t<div data-elementor-type=\"wp-page\" data-elementor-id=\"398\" class=\"elementor elementor-398\">\n\t\t\t\t\t\t<div class=\"elementor-inner\">\n\t\t\t\t<div class=\"elementor-section-wrap\">\n\t\t\t\t\t\t\t\t\t<section class=\"elementor-section elementor-top-section elementor-element elementor-element-ec4a6e9 elementor-section-boxed elementor-section-height-default elementor-section-height-default\" data-id=\"ec4a6e9\" data-element_type=\"section\" data-settings=\"{&quot;background_background&quot;:&quot;classic&quot;}\">\n\t\t\t\t\t\t<div class=\"elementor-container elementor-column-gap-default\">\n\t\t\t\t\t\t\t<div class=\"elementor-row\">\n\t\t\t\t\t<div class=\"elementor-column elementor-col-100 elementor-top-column elementor-element elementor-element-7d91caa\" data-id=\"7d91caa\" data-element_type=\"column\">\n\t\t\t<div class=\"elementor-column-wrap elementor-element-populated\">\n\t\t\t\t\t\t\t<div class=\"elementor-widget-wrap\">\n\t\t\t\t\t\t<div class=\"elementor-element elementor-element-5b3cfe7 elementor-widget elementor-widget-heading\" data-id=\"5b3cfe7\" data-element_type=\"widget\" data-widget_type=\"heading.default\">\n\t\t\t\t<div class=\"elementor-widget-container\">\n\t\t\t<h1 class=\"elementor-heading-title elementor-size-default\">Coaching<\/h1>\t\t<\/div>\n\t\t\t\t<\/div>\n\t\t\t\t\t\t<\/div>\n\t\t\t\t\t<\/div>\n\t\t<\/div>\n\t\t\t\t\t\t\t\t<\/div>\n\t\t\t\t\t<\/div>\n\t\t<\/section>\n\t\t\t\t<section class=\"elementor-section elementor-top-section elementor-element elementor-element-a319cdc elementor-section-boxed elementor-section-height-default elementor-section-height-default\" data-id=\"a319cdc\" data-element_type=\"section\">\n\t\t\t\t\t\t<div class=\"elementor-container elementor-column-gap-default\">\n\t\t\t\t\t\t\t<div class=\"elementor-row\">\n\t\t\t\t\t<div class=\"elementor-column elementor-col-100 elementor-top-column elementor-element elementor-element-e0b16ae\" data-id=\"e0b16ae\" data-element_type=\"column\">\n\t\t\t<div class=\"elementor-column-wrap elementor-element-populated\">\n\t\t\t\t\t\t\t<div class=\"elementor-widget-wrap\">\n\t\t\t\t\t\t<div class=\"elementor-element elementor-element-14c86ce elementor-widget elementor-widget-text-editor\" data-id=\"14c86ce\" data-element_type=\"widget\" data-widget_type=\"text-editor.default\">\n\t\t\t\t<div class=\"elementor-widget-container\">\n\t\t\t\t\t\t\t\t<div class=\"elementor-text-editor elementor-clearfix\">\n\t\t\t\t<h2 style=\"text-align: center;\"><em><strong><p><!-- wp:paragraph --><\/p>\u00ab\u00a0Votre temps est limit\u00e9 ne le g\u00e2chez pas en menant une existence qui n\u2019est pas la v\u00f4tre\u00a0\u00bb. Steve JOBS<\/strong><\/em><\/h2>\t\t\t\t\t<\/div>\n\t\t\t\t\t\t<\/div>\n\t\t\t\t<\/div>\n\t\t\t\t\t\t<\/div>\n\t\t\t\t\t<\/div>\n\t\t<\/div>\n\t\t\t\t\t\t\t\t<\/div>\n\t\t\t\t\t<\/div>\n\t\t<\/section>\n\t\t\t\t<section class=\"elementor-section elementor-top-section elementor-element elementor-element-6a814cf elementor-section-boxed elementor-section-height-default elementor-section-height-default\" data-id=\"6a814cf\" data-element_type=\"section\">\n\t\t\t\t\t\t<div class=\"elementor-container elementor-column-gap-default\">\n\t\t\t\t\t\t\t<div class=\"elementor-row\">\n\t\t\t\t\t<div class=\"elementor-column elementor-col-100 elementor-top-column elementor-element elementor-element-1cb54d92\" data-id=\"1cb54d92\" data-element_type=\"column\">\n\t\t\t<div class=\"elementor-column-wrap elementor-element-populated\">\n\t\t\t\t\t\t\t<div class=\"elementor-widget-wrap\">\n\t\t\t\t\t\t<div class=\"elementor-element elementor-element-26f5a72e elementor-widget elementor-widget-text-editor\" data-id=\"26f5a72e\" data-element_type=\"widget\" data-widget_type=\"text-editor.default\">\n\t\t\t\t<div class=\"elementor-widget-container\">\n\t\t\t\t\t\t\t\t<div class=\"elementor-text-editor elementor-clearfix\">\n\t\t\t\t\t\t\t\t\t<\/div>\n\t\t\t\t\t\t<\/div>\n\t\t\t\t<\/div>\n\t\t\t\t<div class=\"elementor-element elementor-element-8e94149 elementor-widget elementor-widget-text-editor\" data-id=\"8e94149\" data-element_type=\"widget\" data-widget_type=\"text-editor.default\">\n\t\t\t\t<div class=\"elementor-widget-container\">\n\t\t\t\t\t\t\t\t<div class=\"elementor-text-editor elementor-clearfix\">\n\t\t\t\t<p><!-- wp:paragraph --><\/p>\n<p>Nous croyons en l&rsquo;importance, en la dignit\u00e9 et en la valeur de chaque \u00eatre humain quel que soit son comportement ou sa situation. Nous sommes tous appel\u00e9s \u00e0 r\u00e9aliser une mission de vie. Le plus souvent, nous passons \u00e0 c\u00f4t\u00e9 et nous subissons notre vie plut\u00f4t que nous \u00e9panouir pleinement.<\/p>\n<p><!-- \/wp:paragraph --><\/p>\n<p><!-- wp:paragraph --><\/p>\n<p>Nous sommes convaincus que nous avons tous en nous les ressources n\u00e9cessaires pour atteindre nos objectifs, et choisir de vivre la vie pour laquelle nous sommes faits et nous avons la certitude que nous pouvons contribuer \u00e0 rendre notre monde plus serein et plus authentique au travers de nos coachings en aidant les personnes \u00e0 prendre conscience de leur potentiel, \u00e0 les d\u00e9velopper et \u00e0 les exploiter pour atteindre leurs v\u00e9ritables objectifs de vie. Pour vraiment savoir <strong style=\"font-style: inherit;\">pourquoi<\/strong>\u00a0vous vous levez le matin, et enfin consacrer votre \u00e9nergie \u00e0 des projets qui ont du sens pour vous, d\u00e9couvrez votre mission de vie.<\/p>\n<p>Vous \u00eates en plein questionnement sur des choix \u00e0 faire ? Des orientations \u00e0 prendre au plan professionnel ou personnel ? En qu\u00eate d\u2019un nouvel \u00e9quilibre de vie ? Traverser un cap difficile ? Vous avez besoin de reprendre confiance en vous, \u00e9galement de mieux vous estimer ? Ou bien de retrouver de l\u2019\u00e9nergie, de vous reconnecter \u00e0 votre puissance personnelle ? Envie de vous sentir ma\u00eetre de votre vie, de ne plus vous laisser envahir par les \u00e9motions qui ont tendance \u00e0 vous d\u00e9stabiliser ? Envie aussi de gagner en efficience dans votre quotidien pour vous sentir performant et serein ? Vous voulez construire des relations de qualit\u00e9 ? Am\u00e9liorer votre communication ou bien votre prise de parole en public\u00a0?<\/p>\n<p>Autant de sujets qui m\u00e9ritent qu\u2019on s\u2019y emploie pleinement car se prendre en main change le cours d\u2019une vie\u2026\u00a0<span style=\"font-size: 16px;\">Il est souvent difficile de progresser lorsque l\u2019on est seul face \u00e0 ses probl\u00e8mes, de prendre du recul et de faire les bons choix. Notre entourage n\u2019est pas toujours objectif, et ne d\u00e9livre pas forc\u00e9ment des conseils ad\u00e9quats.<\/span><\/p>\n<p>Les s\u00e9ances de coaching, vous apportent un regard ext\u00e9rieur, aident \u00e0 la prise de d\u00e9cision, et \u00e0 tenir vos r\u00e9solutions sur le long terme. Pendant ces s\u00e9ances, le coach vous \u00e9paule pour mieux comprendre une situation et vous apporte des m\u00e9thodes et des outils pour la faire \u00e9voluer rapidement.\u00a0<\/p>\n<p><!-- \/wp:paragraph --><\/p>\t\t\t\t\t<\/div>\n\t\t\t\t\t\t<\/div>\n\t\t\t\t<\/div>\n\t\t\t\t\t\t<\/div>\n\t\t\t\t\t<\/div>\n\t\t<\/div>\n\t\t\t\t\t\t\t\t<\/div>\n\t\t\t\t\t<\/div>\n\t\t<\/section>\n\t\t\t\t<section class=\"elementor-section elementor-top-section elementor-element elementor-element-1259e73 elementor-section-boxed elementor-section-height-default elementor-section-height-default\" data-id=\"1259e73\" data-element_type=\"section\">\n\t\t\t\t\t\t<div class=\"elementor-container elementor-column-gap-default\">\n\t\t\t\t\t\t\t<div class=\"elementor-row\">\n\t\t\t\t\t<div class=\"elementor-column elementor-col-100 elementor-top-column elementor-element elementor-element-aa6d718\" data-id=\"aa6d718\" data-element_type=\"column\">\n\t\t\t<div class=\"elementor-column-wrap\">\n\t\t\t\t\t\t\t<div class=\"elementor-widget-wrap\">\n\t\t\t\t\t\t\t\t<\/div>\n\t\t\t\t\t<\/div>\n\t\t<\/div>\n\t\t\t\t\t\t\t\t<\/div>\n\t\t\t\t\t<\/div>\n\t\t<\/section>\n\t\t\t\t<section class=\"elementor-section elementor-top-section elementor-element elementor-element-c1a91c2 elementor-section-boxed elementor-section-height-default elementor-section-height-default\" data-id=\"c1a91c2\" data-element_type=\"section\">\n\t\t\t\t\t\t<div class=\"elementor-container elementor-column-gap-default\">\n\t\t\t\t\t\t\t<div class=\"elementor-row\">\n\t\t\t\t\t<div class=\"elementor-column elementor-col-100 elementor-top-column elementor-element elementor-element-3ec0de4\" data-id=\"3ec0de4\" data-element_type=\"column\">\n\t\t\t<div class=\"elementor-column-wrap elementor-element-populated\">\n\t\t\t\t\t\t\t<div class=\"elementor-widget-wrap\">\n\t\t\t\t\t\t<div class=\"elementor-element elementor-element-692c9e5 elementor-widget elementor-widget-button\" data-id=\"692c9e5\" data-element_type=\"widget\" data-widget_type=\"button.default\">\n\t\t\t\t<div class=\"elementor-widget-container\">\n\t\t\t\t\t<div class=\"elementor-button-wrapper\">\n\t\t\t<a href=\"http:\/\/www.institut-ancrage.fr\/index.php\/modalites\/\" class=\"elementor-button-link elementor-button elementor-size-sm\" role=\"button\">\n\t\t\t\t\t\t<span class=\"elementor-button-content-wrapper\">\n\t\t\t\t\t\t<span class=\"elementor-button-text\">Pour en savoir plus  <\/span>\n\t\t<\/span>\n\t\t\t\t\t<\/a>\n\t\t<\/div>\n\t\t\t\t<\/div>\n\t\t\t\t<\/div>\n\t\t\t\t<div class=\"elementor-element elementor-element-727a1aa elementor-align-right elementor-widget elementor-widget-button\" data-id=\"727a1aa\" data-element_type=\"widget\" data-widget_type=\"button.default\">\n\t\t\t\t<div class=\"elementor-widget-container\">\n\t\t\t\t\t<div class=\"elementor-button-wrapper\">\n\t\t\t<a href=\"http:\/\/www.institut-ancrage.fr\/index.php\/contact\/\" class=\"elementor-button-link elementor-button elementor-size-sm\" role=\"button\">\n\t\t\t\t\t\t<span class=\"elementor-button-content-wrapper\">\n\t\t\t\t\t\t<span class=\"elementor-button-text\">Demandez votre devis<\/span>\n\t\t<\/span>\n\t\t\t\t\t<\/a>\n\t\t<\/div>\n\t\t\t\t<\/div>\n\t\t\t\t<\/div>\n\t\t\t\t\t\t<\/div>\n\t\t\t\t\t<\/div>\n\t\t<\/div>\n\t\t\t\t\t\t\t\t<\/div>\n\t\t\t\t\t<\/div>\n\t\t<\/section>\n\t\t\t\t\t\t\t\t\t<\/div>\n\t\t\t<\/div>\n\t\t\t\t\t<\/div>\n\t\t","protected":false},"excerpt":{"rendered":"<p>Coaching<\/p>\n","protected":false},"author":1,"featured_media":0,"parent":0,"menu_order":0,"comment_status":"closed","ping_status":"closed","template":"","meta":{"site-sidebar-layout":"no-sidebar","site-content-layout":"page-builder","ast-global-header-display":"","ast-main-header-display":"","ast-hfb-above-header-display":"","ast-hfb-below-header-display":"","ast-hfb-mobile-header-display":"","site-post-title":"disabled","ast-breadcrumbs-content":"","ast-featured-img":"","footer-sml-layout":"","theme-transparent-header-meta":"enabled","adv-header-id-meta":"","stick-header-meta":"","header-above-stick-meta":"","header-main-stick-meta":"","header-below-stick-meta":""},"yoast_head":"<!-- This site is optimized with the Yoast SEO plugin v17.4 - https:\/\/yoast.com\/wordpress\/plugins\/seo\/ -->\n<title>Coaching - Institut Ancrage<\/title>\n<meta name=\"description\" content=\"Les s\u00e9ances de coaching, vous apportent un regard ext\u00e9rieur, aident \u00e0 la prise de d\u00e9cision, et \u00e0 tenir vos r\u00e9solutions sur le long terme.\" \/>\n<meta name=\"robots\" content=\"index, follow, max-snippet:-1, max-image-preview:large, max-video-preview:-1\" \/>\n<link rel=\"canonical\" href=\"http:\/\/www.institut-ancrage.fr\/index.php\/developpement-personnel\/\" \/>\n<meta property=\"og:locale\" content=\"fr_FR\" \/>\n<meta property=\"og:type\" content=\"article\" \/>\n<meta property=\"og:title\" content=\"Coaching - Institut Ancrage\" \/>\n<meta property=\"og:description\" content=\"Les s\u00e9ances de coaching, vous apportent un regard ext\u00e9rieur, aident \u00e0 la prise de d\u00e9cision, et \u00e0 tenir vos r\u00e9solutions sur le long terme.\" \/>\n<meta property=\"og:url\" content=\"http:\/\/www.institut-ancrage.fr\/index.php\/developpement-personnel\/\" \/>\n<meta property=\"og:site_name\" content=\"Institut Ancrage\" \/>\n<meta property=\"article:modified_time\" content=\"2021-10-20T11:24:46+00:00\" \/>\n<meta name=\"twitter:card\" content=\"summary_large_image\" \/>\n<meta name=\"twitter:label1\" content=\"Dur\u00e9e de lecture est.\" \/>\n\t<meta name=\"twitter:data1\" content=\"1 minute\" \/>\n<script type=\"application\/ld+json\" class=\"yoast-schema-graph\">{\"@context\":\"https:\/\/schema.org\",\"@graph\":[{\"@type\":\"Organization\",\"@id\":\"https:\/\/www.institut-ancrage.fr\/#organization\",\"name\":\"Insitut Ancrage\",\"url\":\"https:\/\/www.institut-ancrage.fr\/\",\"sameAs\":[],\"logo\":{\"@type\":\"ImageObject\",\"@id\":\"https:\/\/www.institut-ancrage.fr\/#logo\",\"inLanguage\":\"fr-FR\",\"url\":\"https:\/\/www.institut-ancrage.fr\/wp-content\/uploads\/2020\/11\/cropped-400JpgdpiLogo-scaled-1.jpg\",\"contentUrl\":\"https:\/\/www.institut-ancrage.fr\/wp-content\/uploads\/2020\/11\/cropped-400JpgdpiLogo-scaled-1.jpg\",\"width\":2560,\"height\":1546,\"caption\":\"Insitut Ancrage\"},\"image\":{\"@id\":\"https:\/\/www.institut-ancrage.fr\/#logo\"}},{\"@type\":\"WebSite\",\"@id\":\"https:\/\/www.institut-ancrage.fr\/#website\",\"url\":\"https:\/\/www.institut-ancrage.fr\/\",\"name\":\"Institut Ancrage\",\"description\":\"Conseil et formation\",\"publisher\":{\"@id\":\"https:\/\/www.institut-ancrage.fr\/#organization\"},\"potentialAction\":[{\"@type\":\"SearchAction\",\"target\":{\"@type\":\"EntryPoint\",\"urlTemplate\":\"https:\/\/www.institut-ancrage.fr\/?s={search_term_string}\"},\"query-input\":\"required name=search_term_string\"}],\"inLanguage\":\"fr-FR\"},{\"@type\":\"WebPage\",\"@id\":\"http:\/\/www.institut-ancrage.fr\/index.php\/developpement-personnel\/#webpage\",\"url\":\"http:\/\/www.institut-ancrage.fr\/index.php\/developpement-personnel\/\",\"name\":\"Coaching - Institut Ancrage\",\"isPartOf\":{\"@id\":\"https:\/\/www.institut-ancrage.fr\/#website\"},\"datePublished\":\"2020-12-29T09:51:04+00:00\",\"dateModified\":\"2021-10-20T11:24:46+00:00\",\"description\":\"Les s\\u00e9ances de coaching, vous apportent un regard ext\\u00e9rieur, aident \\u00e0 la prise de d\\u00e9cision, et \\u00e0 tenir vos r\\u00e9solutions sur le long terme.\",\"breadcrumb\":{\"@id\":\"http:\/\/www.institut-ancrage.fr\/index.php\/developpement-personnel\/#breadcrumb\"},\"inLanguage\":\"fr-FR\",\"potentialAction\":[{\"@type\":\"ReadAction\",\"target\":[\"http:\/\/www.institut-ancrage.fr\/index.php\/developpement-personnel\/\"]}]},{\"@type\":\"BreadcrumbList\",\"@id\":\"http:\/\/www.institut-ancrage.fr\/index.php\/developpement-personnel\/#breadcrumb\",\"itemListElement\":[{\"@type\":\"ListItem\",\"position\":1,\"name\":\"Accueil\",\"item\":\"http:\/\/www.institut-ancrage.fr\/\"},{\"@type\":\"ListItem\",\"position\":2,\"name\":\"Coaching\"}]}]}<\/script>\n<!-- \/ Yoast SEO plugin. -->","yoast_head_json":{"title":"Coaching - Institut Ancrage","description":"Les s\u00e9ances de coaching, vous apportent un regard ext\u00e9rieur, aident \u00e0 la prise de d\u00e9cision, et \u00e0 tenir vos r\u00e9solutions sur le long terme.","robots":{"index":"index","follow":"follow","max-snippet":"max-snippet:-1","max-image-preview":"max-image-preview:large","max-video-preview":"max-video-preview:-1"},"canonical":"http:\/\/www.institut-ancrage.fr\/index.php\/developpement-personnel\/","og_locale":"fr_FR","og_type":"article","og_title":"Coaching - Institut Ancrage","og_description":"Les s\u00e9ances de coaching, vous apportent un regard ext\u00e9rieur, aident \u00e0 la prise de d\u00e9cision, et \u00e0 tenir vos r\u00e9solutions sur le long terme.","og_url":"http:\/\/www.institut-ancrage.fr\/index.php\/developpement-personnel\/","og_site_name":"Institut Ancrage","article_modified_time":"2021-10-20T11:24:46+00:00","twitter_card":"summary_large_image","twitter_misc":{"Dur\u00e9e de lecture est.":"1 minute"},"schema":{"@context":"https:\/\/schema.org","@graph":[{"@type":"Organization","@id":"https:\/\/www.institut-ancrage.fr\/#organization","name":"Insitut Ancrage","url":"https:\/\/www.institut-ancrage.fr\/","sameAs":[],"logo":{"@type":"ImageObject","@id":"https:\/\/www.institut-ancrage.fr\/#logo","inLanguage":"fr-FR","url":"https:\/\/www.institut-ancrage.fr\/wp-content\/uploads\/2020\/11\/cropped-400JpgdpiLogo-scaled-1.jpg","contentUrl":"https:\/\/www.institut-ancrage.fr\/wp-content\/uploads\/2020\/11\/cropped-400JpgdpiLogo-scaled-1.jpg","width":2560,"height":1546,"caption":"Insitut Ancrage"},"image":{"@id":"https:\/\/www.institut-ancrage.fr\/#logo"}},{"@type":"WebSite","@id":"https:\/\/www.institut-ancrage.fr\/#website","url":"https:\/\/www.institut-ancrage.fr\/","name":"Institut Ancrage","description":"Conseil et formation","publisher":{"@id":"https:\/\/www.institut-ancrage.fr\/#organization"},"potentialAction":[{"@type":"SearchAction","target":{"@type":"EntryPoint","urlTemplate":"https:\/\/www.institut-ancrage.fr\/?s={search_term_string}"},"query-input":"required name=search_term_string"}],"inLanguage":"fr-FR"},{"@type":"WebPage","@id":"http:\/\/www.institut-ancrage.fr\/index.php\/developpement-personnel\/#webpage","url":"http:\/\/www.institut-ancrage.fr\/index.php\/developpement-personnel\/","name":"Coaching - Institut Ancrage","isPartOf":{"@id":"https:\/\/www.institut-ancrage.fr\/#website"},"datePublished":"2020-12-29T09:51:04+00:00","dateModified":"2021-10-20T11:24:46+00:00","description":"Les s\u00e9ances de coaching, vous apportent un regard ext\u00e9rieur, aident \u00e0 la prise de d\u00e9cision, et \u00e0 tenir vos r\u00e9solutions sur le long terme.","breadcrumb":{"@id":"http:\/\/www.institut-ancrage.fr\/index.php\/developpement-personnel\/#breadcrumb"},"inLanguage":"fr-FR","potentialAction":[{"@type":"ReadAction","target":["http:\/\/www.institut-ancrage.fr\/index.php\/developpement-personnel\/"]}]},{"@type":"BreadcrumbList","@id":"http:\/\/www.institut-ancrage.fr\/index.php\/developpement-personnel\/#breadcrumb","itemListElement":[{"@type":"ListItem","position":1,"name":"Accueil","item":"http:\/\/www.institut-ancrage.fr\/"},{"@type":"ListItem","position":2,"name":"Coaching"}]}]}},"_links":{"self":[{"href":"https:\/\/www.institut-ancrage.fr\/index.php\/wp-json\/wp\/v2\/pages\/398"}],"collection":[{"href":"https:\/\/www.institut-ancrage.fr\/index.php\/wp-json\/wp\/v2\/pages"}],"about":[{"href":"https:\/\/www.institut-ancrage.fr\/index.php\/wp-json\/wp\/v2\/types\/page"}],"author":[{"embeddable":true,"href":"https:\/\/www.institut-ancrage.fr\/index.php\/wp-json\/wp\/v2\/users\/1"}],"replies":[{"embeddable":true,"href":"https:\/\/www.institut-ancrage.fr\/index.php\/wp-json\/wp\/v2\/comments?post=398"}],"version-history":[{"count":83,"href":"https:\/\/www.institut-ancrage.fr\/index.php\/wp-json\/wp\/v2\/pages\/398\/revisions"}],"predecessor-version":[{"id":1057,"href":"https:\/\/www.institut-ancrage.fr\/index.php\/wp-json\/wp\/v2\/pages\/398\/revisions\/1057"}],"wp:attachment":[{"href":"https:\/\/www.institut-ancrage.fr\/index.php\/wp-json\/wp\/v2\/media?parent=398"}],"curies":[{"name":"wp","href":"https:\/\/api.w.org\/{rel}","templated":true}]}}